{"id":360,"date":"2015-06-05T11:46:08","date_gmt":"2015-06-05T10:46:08","guid":{"rendered":"http:\/\/lolalafon.toile-libre.org\/main\/?page_id=360"},"modified":"2015-06-06T11:50:57","modified_gmt":"2015-06-06T10:50:57","slug":"biographie","status":"publish","type":"page","link":"https:\/\/lolalafon.toile-libre.org\/main\/?page_id=360","title":{"rendered":"Biographie"},"content":{"rendered":"<p>D\u2019origine franco-russo-polonaise, \u00e9lev\u00e9e \u00e0 Sofia, Bucarest et Paris, Lola Lafon s\u2019est d\u2019abord consacr\u00e9e \u00e0 la danse avant de se tourner vers l\u2019\u00e9criture.<\/p>\n<p>Apr\u00e8s des publications dans des fanzines et des revues alternatives , elle a \u00e9t\u00e9 r\u00e9p\u00e9r\u00e9e par des revues litt\u00e9raires ( la N.R.V, entre autres, qui a publi\u00e9 ses premi\u00e8res nouvelles en 1998 et jusqu\u2019en 2000.)<br \/>\nSes\u00a0 trois premiers romans sont parus chez Flammarion\u00a0:\u00a0<em>Une fi\u00e8vre impossible \u00e0 n\u00e9gocier<\/em>\u00a0(traduit en espagnol et en italien et laur\u00e9at du\u00a0 \u00ab\u00a0Prix \u00a0A tout lire\u00a0\u00bb), \u00a0<em>De \u00e7a je me console<\/em>\u00a0\u00a0et\u00a0<em>Nous sommes les oiseaux de la temp\u00eate qui s\u2019annonce\u00a0<\/em>, (Prix Coup de C\u0153ur de la 25\u00e8me heure au salon du Livre du Mans et finaliste du Prix Marie-Claire) Ce dernier roman para\u00eetra aux Etats-Unis en janvier 2014 chez Seagull Books. Il a \u00e9galement \u00e9t\u00e9 adapt\u00e9 au th\u00e9\u00e2tre par la compagnie \u00ab\u00a0Les Fugaces\u00a0\u00bb dans une version\u00a0<em>road-movie<\/em>\u00a0et Leila Kilani, la r\u00e9alisatrice de \u00ab\u00a0Sur la planche\u00a0\u00bb travaille actuellement \u00e0 une adaptation cin\u00e9ma.<\/p>\n<p>Politiquement engag\u00e9e\u00a0 dans plusieurs collectifs anarchistes, antifa et f\u00e9ministes, Lola Lafon s\u2019est\u00a0 parfois exprim\u00e9e \u00a0dans certains quotidiens et a publi\u00e9 deux fois dans la N.R.F, dont un article dans le num\u00e9ro sp\u00e9cial \u00ab\u00a0O\u00f9 en est le f\u00e9minisme\u00a0\u00bb. Elle donne \u00e9galement quelques ateliers d\u2019\u00e9criture dans des lyc\u00e9es pour la plupart class\u00e9s en \u00ab\u00a0difficult\u00e9\u00a0\u00bb (\u00a0!) et elle a, en 2013, commenc\u00e9 \u00e0 animer \u00a0un atelier d\u2019\u00e9criture \u00e0 Bucarest, en fran\u00e7ais, avec des jeunes roumain(e)s.<\/p>\n<p>Lola lafon est \u00e9galement musicienne. Un premier album \u00ab\u00a0Grandir \u00e0 l\u2019envers de rien\u00a0\u00bb est sorti en 2006 chez Label Bleu\/Harmonia Mundi et le deuxi\u00e8me, \u00ab\u00a0Une vie de voleuse\u00a0\u00bb en 2011 chez Harmonia Mundi.<\/p>\n<p>Chaque sortie de roman a \u00e9t\u00e9 accompagn\u00e9e d\u2019un \u00ab\u00a0concert lecture\u00a0\u00bb. Apr\u00e8s une commande du Festival \u00ab\u00a0les Correspondances de Manosque\u00a0\u00bb \u00e0 la sortie de \u00ab\u00a0De \u00e7a je me console\u00a0\u00bb, elle a, avec ses deux musiciens, effectu\u00e9 une tourn\u00e9e de plus de trente dates qui s\u2019est termin\u00e9e aux Bouffes du Nord.<br \/>\nPour la sortie de \u00a0<em>Nous sommes les oiseaux de la temp\u00eate qui s\u2019annonce\u00a0<\/em>, Lola Lafon a, \u00e0 la demande du th\u00e9\u00e2tre de l\u2019Od\u00e9on, cr\u00e9\u00e9 un concert-lecture in\u00e9dit intitul\u00e9 \u00ab\u00a0La petite fille au bout du chemin\u00a0\u00bb, qui m\u00ealait diff\u00e9rents textes d\u2019auteurs divers, tous autour de la figure de son h\u00e9ro\u00efne et de ses comparses imaginaires et litt\u00e9raires.<br \/>\nPuis, \u00e0 l&rsquo;occasion de l&rsquo;\u00e9dition 2014 du festival d&rsquo;Avignon, elle cr\u00e9e avec la danseuse \u00e9toile du ballet de l&rsquo;op\u00e9ra de Paris, Marie-Agn\u00e8s Gillot, le spectacle Irr\u00e9v\u00e9rence(s).<\/p>\n<p>Enfin, pour <em>La Petite communiste qui ne souriait jamais<\/em>, le spectacle litt\u00e9raire, musical et chor\u00e9graphique a \u00e9t\u00e9 cr\u00e9\u00e9 \u00e0 la Maison de la Po\u00e9sie en f\u00e9vrier 2015.<\/p>\n","protected":false},"excerpt":{"rendered":"<p>D\u2019origine franco-russo-polonaise, \u00e9lev\u00e9e \u00e0 Sofia, Bucarest et Paris, Lola Lafon s\u2019est d\u2019abord consacr\u00e9e \u00e0 la danse avant de se tourner vers l\u2019\u00e9criture. Apr\u00e8s des publications dans des fanzines et des \u2026 <a class=\"continue-reading-link\" href=\"https:\/\/lolalafon.toile-libre.org\/main\/?page_id=360\">Afficher<\/a><\/p>\n","protected":false},"author":2,"featured_media":0,"parent":0,"menu_order":0,"comment_status":"open","ping_status":"open","template":"","meta":{"footnotes":""},"_links":{"self":[{"href":"https:\/\/lolalafon.toile-libre.org\/main\/index.php?rest_route=\/wp\/v2\/pages\/360"}],"collection":[{"href":"https:\/\/lolalafon.toile-libre.org\/main\/index.php?rest_route=\/wp\/v2\/pages"}],"about":[{"href":"https:\/\/lolalafon.toile-libre.org\/main\/index.php?rest_route=\/wp\/v2\/types\/page"}],"author":[{"embeddable":true,"href":"https:\/\/lolalafon.toile-libre.org\/main\/index.php?rest_route=\/wp\/v2\/users\/2"}],"replies":[{"embeddable":true,"href":"https:\/\/lolalafon.toile-libre.org\/main\/index.php?rest_route=%2Fwp%2Fv2%2Fcomments&post=360"}],"version-history":[{"count":10,"href":"https:\/\/lolalafon.toile-libre.org\/main\/index.php?rest_route=\/wp\/v2\/pages\/360\/revisions"}],"predecessor-version":[{"id":444,"href":"https:\/\/lolalafon.toile-libre.org\/main\/index.php?rest_route=\/wp\/v2\/pages\/360\/revisions\/444"}],"wp:attachment":[{"href":"https:\/\/lolalafon.toile-libre.org\/main\/index.php?rest_route=%2Fwp%2Fv2%2Fmedia&parent=360"}],"curies":[{"name":"wp","href":"https:\/\/api.w.org\/{rel}","templated":true}]}}