{"id":297,"date":"2014-02-04T14:41:45","date_gmt":"2014-02-04T13:41:45","guid":{"rendered":"http:\/\/lolalafon.toile-libre.org\/main\/?page_id=297"},"modified":"2015-06-05T12:09:59","modified_gmt":"2015-06-05T11:09:59","slug":"suivre","status":"publish","type":"page","link":"https:\/\/lolalafon.toile-libre.org\/main\/?page_id=297","title":{"rendered":"Lettre d&rsquo;info"},"content":{"rendered":"<div class=\"wpcf7\" id=\"wpcf7-f296-p297-o1\"><form action=\"\/main\/index.php?rest_route=%2Fwp%2Fv2%2Fpages%2F297#wpcf7-f296-p297-o1\" method=\"post\" class=\"wpcf7-form\" novalidate=\"novalidate\">\n<div style=\"display: none;\">\n<input type=\"hidden\" name=\"_wpcf7\" value=\"296\" \/>\n<input type=\"hidden\" name=\"_wpcf7_version\" value=\"3.5.2\" \/>\n<input type=\"hidden\" name=\"_wpcf7_locale\" value=\"fr_FR\" \/>\n<input type=\"hidden\" name=\"_wpcf7_unit_tag\" value=\"wpcf7-f296-p297-o1\" \/>\n<input type=\"hidden\" name=\"_wpnonce\" value=\"6ed72aaa41\" \/>\n<\/div>\n<p>Si vous souhaitez \u00eatre tenu(e) au courant des rencontres, \u00e9v\u00e9nements, festivals et lectures musicales, laissez votre email ici.<\/p>\n<p>Votre email (obligatoire)<br \/>\n    <span class=\"wpcf7-form-control-wrap courriel\"><input type=\"email\" name=\"courriel\" value=\"\" size=\"40\" class=\"wpcf7-form-control wpcf7-text wpcf7-email wpcf7-validates-as-required wpcf7-validates-as-email\" aria-required=\"true\" \/><\/span> <\/p>\n<p><input type=\"submit\" value=\"Envoyer\" class=\"wpcf7-form-control wpcf7-submit\" \/><\/p>\n<div class=\"wpcf7-response-output wpcf7-display-none\"><\/div><\/form><\/div>\n","protected":false},"excerpt":{"rendered":"","protected":false},"author":2,"featured_media":0,"parent":0,"menu_order":0,"comment_status":"open","ping_status":"open","template":"","meta":{"footnotes":""},"_links":{"self":[{"href":"https:\/\/lolalafon.toile-libre.org\/main\/index.php?rest_route=\/wp\/v2\/pages\/297"}],"collection":[{"href":"https:\/\/lolalafon.toile-libre.org\/main\/index.php?rest_route=\/wp\/v2\/pages"}],"about":[{"href":"https:\/\/lolalafon.toile-libre.org\/main\/index.php?rest_route=\/wp\/v2\/types\/page"}],"author":[{"embeddable":true,"href":"https:\/\/lolalafon.toile-libre.org\/main\/index.php?rest_route=\/wp\/v2\/users\/2"}],"replies":[{"embeddable":true,"href":"https:\/\/lolalafon.toile-libre.org\/main\/index.php?rest_route=%2Fwp%2Fv2%2Fcomments&post=297"}],"version-history":[{"count":1,"href":"https:\/\/lolalafon.toile-libre.org\/main\/index.php?rest_route=\/wp\/v2\/pages\/297\/revisions"}],"predecessor-version":[{"id":373,"href":"https:\/\/lolalafon.toile-libre.org\/main\/index.php?rest_route=\/wp\/v2\/pages\/297\/revisions\/373"}],"wp:attachment":[{"href":"https:\/\/lolalafon.toile-libre.org\/main\/index.php?rest_route=%2Fwp%2Fv2%2Fmedia&parent=297"}],"curies":[{"name":"wp","href":"https:\/\/api.w.org\/{rel}","templated":true}]}}