{"id":289,"date":"2014-01-11T11:05:03","date_gmt":"2014-01-11T10:05:03","guid":{"rendered":"http:\/\/lolalafon.toile-libre.org\/main\/?page_id=289"},"modified":"2015-06-06T11:13:36","modified_gmt":"2015-06-06T10:13:36","slug":"contact-2","status":"publish","type":"page","link":"https:\/\/lolalafon.toile-libre.org\/main\/?page_id=289","title":{"rendered":"Contact"},"content":{"rendered":"<p><em>Si vous avez une demande concernant les romans de Lola ou un \u00e9v\u00e9nement litt\u00e9raire, contactez\u00a0<a title=\"Actes Sud\" href=\"http:\/\/www.actes-sud.fr\/contributeurs\/lafon-lola\" target=\"_blank\">Actes Sud<\/a><\/em><em>\u00a0, son \u00e9diteur.<br \/>\n<\/em><em>Concernant les spectacles c&rsquo;est\u00a0<a title=\"Zamora\" href=\"http:\/\/www.live-boutique.com\/site\/Lola-Lafon-Lecture-Musicale\" target=\"_blank\">Zamora Productions<\/a><\/em>\u00a0<em>qui pourra r\u00e9pondre \u00e0 vos questions.<\/em><br \/>\n<em>Pour toute autre demande, vous pouvez utiliser le formulaire ci-dessous.<\/em><\/p>\n<div class=\"wpcf7\" id=\"wpcf7-f285-p289-o1\"><form action=\"\/main\/index.php?rest_route=%2Fwp%2Fv2%2Fpages%2F289#wpcf7-f285-p289-o1\" method=\"post\" class=\"wpcf7-form\" novalidate=\"novalidate\">\n<div style=\"display: none;\">\n<input type=\"hidden\" name=\"_wpcf7\" value=\"285\" \/>\n<input type=\"hidden\" name=\"_wpcf7_version\" value=\"3.5.2\" \/>\n<input type=\"hidden\" name=\"_wpcf7_locale\" value=\"fr_FR\" \/>\n<input type=\"hidden\" name=\"_wpcf7_unit_tag\" value=\"wpcf7-f285-p289-o1\" \/>\n<input type=\"hidden\" name=\"_wpnonce\" value=\"719c0892b0\" \/>\n<\/div>\n<p>Votre nom (obligatoire)<br \/>\n    <span class=\"wpcf7-form-control-wrap your-name\"><input type=\"text\" name=\"your-name\" value=\"\" size=\"40\" class=\"wpcf7-form-control wpcf7-text wpcf7-validates-as-required\" aria-required=\"true\" \/><\/span> <\/p>\n<p>Votre email (obligatoire)<br \/>\n    <span class=\"wpcf7-form-control-wrap your-email\"><input type=\"email\" name=\"your-email\" value=\"\" size=\"40\" class=\"wpcf7-form-control wpcf7-text wpcf7-email wpcf7-validates-as-required wpcf7-validates-as-email\" aria-required=\"true\" \/><\/span> <\/p>\n<p>Votre message<br \/>\n    <span class=\"wpcf7-form-control-wrap your-message\"><textarea name=\"your-message\" cols=\"40\" rows=\"10\" class=\"wpcf7-form-control wpcf7-textarea\"><\/textarea><\/span> <\/p>\n<p><input type=\"submit\" value=\"Envoyer\" class=\"wpcf7-form-control wpcf7-submit\" \/><\/p>\n<div class=\"wpcf7-response-output wpcf7-display-none\"><\/div><\/form><\/div>\n","protected":false},"excerpt":{"rendered":"<p>Si vous avez une demande concernant les romans de Lola ou un \u00e9v\u00e9nement litt\u00e9raire, contactez\u00a0Actes Sud\u00a0, son \u00e9diteur. Concernant les spectacles c&rsquo;est\u00a0Zamora Productions\u00a0qui pourra r\u00e9pondre \u00e0 vos questions. Pour toute \u2026 <a class=\"continue-reading-link\" href=\"https:\/\/lolalafon.toile-libre.org\/main\/?page_id=289\">Afficher<\/a><\/p>\n","protected":false},"author":2,"featured_media":0,"parent":0,"menu_order":0,"comment_status":"open","ping_status":"open","template":"","meta":{"footnotes":""},"_links":{"self":[{"href":"https:\/\/lolalafon.toile-libre.org\/main\/index.php?rest_route=\/wp\/v2\/pages\/289"}],"collection":[{"href":"https:\/\/lolalafon.toile-libre.org\/main\/index.php?rest_route=\/wp\/v2\/pages"}],"about":[{"href":"https:\/\/lolalafon.toile-libre.org\/main\/index.php?rest_route=\/wp\/v2\/types\/page"}],"author":[{"embeddable":true,"href":"https:\/\/lolalafon.toile-libre.org\/main\/index.php?rest_route=\/wp\/v2\/users\/2"}],"replies":[{"embeddable":true,"href":"https:\/\/lolalafon.toile-libre.org\/main\/index.php?rest_route=%2Fwp%2Fv2%2Fcomments&post=289"}],"version-history":[{"count":7,"href":"https:\/\/lolalafon.toile-libre.org\/main\/index.php?rest_route=\/wp\/v2\/pages\/289\/revisions"}],"predecessor-version":[{"id":437,"href":"https:\/\/lolalafon.toile-libre.org\/main\/index.php?rest_route=\/wp\/v2\/pages\/289\/revisions\/437"}],"wp:attachment":[{"href":"https:\/\/lolalafon.toile-libre.org\/main\/index.php?rest_route=%2Fwp%2Fv2%2Fmedia&parent=289"}],"curies":[{"name":"wp","href":"https:\/\/api.w.org\/{rel}","templated":true}]}}